{"id":158,"date":"2022-06-07T20:00:55","date_gmt":"2022-06-07T20:00:55","guid":{"rendered":"https:\/\/pandfpharma.es\/?post_type=product&#038;p=158"},"modified":"2022-06-07T20:01:01","modified_gmt":"2022-06-07T20:01:01","slug":"bcaa-elite-powder","status":"publish","type":"product","link":"https:\/\/pandfpharma.es\/en\/producto\/bcaa-elite-powder\/","title":{"rendered":"BCAA ELITE (POWDER)"},"content":{"rendered":"","protected":false},"excerpt":{"rendered":"<h2>DESCRIPCI\u00d3N<\/h2>\n<p>Los\u00a0<strong>amino\u00e1cidos ramificados<\/strong>\u00a0(<strong>leucina, isoleucina y valina<\/strong>), tambi\u00e9n conocidos como\u00a0<strong>BCAA\u00a0<\/strong>(<strong>Branched-Chain Amino Acids<\/strong>), son amino\u00e1cidos esenciales\u00a0que a nivel metab\u00f3lico participan en el metabolismo de las prote\u00ednas,\u00a0en la\u00a0s\u00edntesis de prote\u00edna muscular y en el proceso de recuperaci\u00f3n muscular.<\/p>\n<p>Nuestros\u00a0<strong>BCAA ELITE<\/strong>\u00a0contienen\u00a04 veces mayor al de isoleucina y valina\u00a0son perfectos para todas las personas que necesitan incluir amino\u00e1cidos ramificados en su dieta sin pagar los altos precios de otros comprimidos por separado<\/p>\n<p>Los amino\u00e1cidos ramificados son fundamentales en la dieta de todo buen deportista y la leucina es el amino\u00e1cido por excelencia para estimular el est\u00edmulo de s\u00edntesis proteica.<\/p>\n<p>Los BCAA son necesarios para mantener el tejido magro y los estudios revelan que conservan los niveles de gluc\u00f3geno (una forma de carbohidrato almacenado que se puede convertir en energ\u00eda) en los tejidos. Los BCAA tambi\u00e9n evitan los desgarramientos del tejido durante los entrenamientos y por lo tanto pueden mejorar nuestro crecimiento muscular.<\/p>\n<ul>\n<li><strong>FORMATO 300 GRAMOS POLVO<\/strong><\/li>\n<\/ul>\n<p><strong>SABORES:<\/strong><\/p>\n<p>-COLA<\/p>\n<p>-LEMON<\/p>\n<p>-ORANGE<\/p>\n<p><em>Advertencias: El producto debe guardarse en su envase en lugar fresco y seco. Los complementos alimenticios no deben utilizarse como sustitutos de una dieta equilibrada variada y un modo de vida sano. No superar la dosis diaria expresamente recomendada. Mantener fuera del alcance y de la vista de los ni\u00f1os.<\/em><\/p>\n","protected":false},"featured_media":180,"comment_status":"closed","ping_status":"closed","template":"","meta":[],"product_brand":[],"product_cat":[24,25,26],"product_tag":[],"class_list":{"0":"post-158","1":"product","2":"type-product","3":"status-publish","4":"has-post-thumbnail","6":"product_cat-aminoacidos","7":"product_cat-ganar-masa","8":"product_cat-polvo","10":"first","11":"instock","12":"shipping-taxable","13":"product-type-simple"},"_links":{"self":[{"href":"https:\/\/pandfpharma.es\/en\/wp-json\/wp\/v2\/product\/158","targetHints":{"allow":["GET"]}}],"collection":[{"href":"https:\/\/pandfpharma.es\/en\/wp-json\/wp\/v2\/product"}],"about":[{"href":"https:\/\/pandfpharma.es\/en\/wp-json\/wp\/v2\/types\/product"}],"replies":[{"embeddable":true,"href":"https:\/\/pandfpharma.es\/en\/wp-json\/wp\/v2\/comments?post=158"}],"wp:featuredmedia":[{"embeddable":true,"href":"https:\/\/pandfpharma.es\/en\/wp-json\/wp\/v2\/media\/180"}],"wp:attachment":[{"href":"https:\/\/pandfpharma.es\/en\/wp-json\/wp\/v2\/media?parent=158"}],"wp:term":[{"taxonomy":"product_brand","embeddable":true,"href":"https:\/\/pandfpharma.es\/en\/wp-json\/wp\/v2\/product_brand?post=158"},{"taxonomy":"product_cat","embeddable":true,"href":"https:\/\/pandfpharma.es\/en\/wp-json\/wp\/v2\/product_cat?post=158"},{"taxonomy":"product_tag","embeddable":true,"href":"https:\/\/pandfpharma.es\/en\/wp-json\/wp\/v2\/product_tag?post=158"}],"curies":[{"name":"wp","href":"https:\/\/api.w.org\/{rel}","templated":true}]}}