{"id":159,"date":"2022-06-07T20:00:55","date_gmt":"2022-06-07T20:00:55","guid":{"rendered":"https:\/\/pandfpharma.es\/?post_type=product&#038;p=159"},"modified":"2022-06-07T20:01:04","modified_gmt":"2022-06-07T20:01:04","slug":"hmb","status":"publish","type":"product","link":"https:\/\/pandfpharma.es\/en\/producto\/hmb\/","title":{"rendered":"HMB"},"content":{"rendered":"","protected":false},"excerpt":{"rendered":"<p>HMB es un compuesto natural que se produce durante el metabolismo del amino\u00e1cido leucina (uno de los amino\u00e1cidos de cadena ramificada BCAA\u00b4s). HMB es un metabolito de la leucina y se ha demostrado que estimula la s\u00edntesis de prote\u00ednas y disminuye la degradaci\u00f3n de prote\u00ednas. Incrementa la masa muscular y evita el catabolismo, disminuye la degradaci\u00f3n por los duros entrenamientos, ayuda a perder grasa, acelera la recuperaci\u00f3n. La ganancia de fuerza se maximiza y mejora el rendimiento aer\u00f3bico.<\/p>\n<p><b>HMB<\/b>\u00a0es un metabolito del amino\u00e1cido Leucina de cadena ramificada, este amino\u00e1cido se sintetiza en el cuerpo humano.\u00a0<b>HMB<\/b>\u00a0(Beta-Hidroxi-Beta-Metibutirato) ha sido dise\u00f1ado para duplicar todas las funciones de la leucina tales como la reducci\u00f3n del catabolismo de las prote\u00ednas y el incremento de la s\u00edntesis proteica. Hay un gran volumen de suplementos dise\u00f1ados para ayudar a desarrollar la fuerza y el aumento de masa muscular, uno de los m\u00e1s eficaces sin duda es\u00a0<b>HMB<\/b>.<\/p>\n<p>&nbsp;<\/p>\n<p><strong>Ingredientes:<\/strong>\u00a0Hidroximetil butirato (HMB), maltodextrina y antiaglomerante (estearato de magnesio). C\u00e1psula (hidroxipropilmetilcelulosa y colorantes (di\u00f3xido de titanio)). Puede contener trazas de gluten, huevos, leche, pescado y soja.<\/p>\n<p><strong>Modo de empleo:<\/strong>\u00a0Tomar 3 C\u00e1psulas al d\u00eda.<\/p>\n<p><em>Advertencias: El producto debe guardarse en su envase en lugar fresco y seco. Los complementos alimenticios no deben utilizarse como sustitutos de una dieta equilibrada variada y un modo de vida sano. No superar la dosis diaria expresamente recomendada. Mantener fuera del alcance y de la vista de los ni\u00f1os.<\/em><\/p>\n","protected":false},"featured_media":181,"comment_status":"closed","ping_status":"closed","template":"","meta":[],"product_brand":[],"product_cat":[27,28],"product_tag":[],"class_list":{"0":"post-159","1":"product","2":"type-product","3":"status-publish","4":"has-post-thumbnail","6":"product_cat-capsulas","7":"product_cat-precursores-de-crecimiento-hormonal","9":"first","10":"instock","11":"shipping-taxable","12":"product-type-simple"},"_links":{"self":[{"href":"https:\/\/pandfpharma.es\/en\/wp-json\/wp\/v2\/product\/159","targetHints":{"allow":["GET"]}}],"collection":[{"href":"https:\/\/pandfpharma.es\/en\/wp-json\/wp\/v2\/product"}],"about":[{"href":"https:\/\/pandfpharma.es\/en\/wp-json\/wp\/v2\/types\/product"}],"replies":[{"embeddable":true,"href":"https:\/\/pandfpharma.es\/en\/wp-json\/wp\/v2\/comments?post=159"}],"wp:featuredmedia":[{"embeddable":true,"href":"https:\/\/pandfpharma.es\/en\/wp-json\/wp\/v2\/media\/181"}],"wp:attachment":[{"href":"https:\/\/pandfpharma.es\/en\/wp-json\/wp\/v2\/media?parent=159"}],"wp:term":[{"taxonomy":"product_brand","embeddable":true,"href":"https:\/\/pandfpharma.es\/en\/wp-json\/wp\/v2\/product_brand?post=159"},{"taxonomy":"product_cat","embeddable":true,"href":"https:\/\/pandfpharma.es\/en\/wp-json\/wp\/v2\/product_cat?post=159"},{"taxonomy":"product_tag","embeddable":true,"href":"https:\/\/pandfpharma.es\/en\/wp-json\/wp\/v2\/product_tag?post=159"}],"curies":[{"name":"wp","href":"https:\/\/api.w.org\/{rel}","templated":true}]}}