{"id":160,"date":"2022-06-07T20:00:55","date_gmt":"2022-06-07T20:00:55","guid":{"rendered":"https:\/\/pandfpharma.es\/?post_type=product&#038;p=160"},"modified":"2022-06-07T20:01:06","modified_gmt":"2022-06-07T20:01:06","slug":"amino-energy-500g","status":"publish","type":"product","link":"https:\/\/pandfpharma.es\/en\/producto\/amino-energy-500g\/","title":{"rendered":"AMINO ENERGY 500G"},"content":{"rendered":"","protected":false},"excerpt":{"rendered":"<p>Amino Energy 500gr va a producir una disminuci\u00f3n del catabolismo, a la vez que un aumento del volumen de masa muscular. Estos p\u00e9ptidos de prote\u00edna hidrolizada se presentan en un formato de polvo de 500 gramos.<\/p>\n<p>Si estamos realizando entrenamientos de fuerza o rutinas de gran intensidad, este producto va a producir una disminuci\u00f3n del catabolismo, a la vez que un aumento del volumen de masa muscular magro. Amino est\u00e1 elaborado con una combinaci\u00f3n de diferentes tipos de amino\u00e1cidos y adem\u00e1s, para aumentar su potencia, se le han a\u00f1adido una dosis importante de amino\u00e1cidos ramificados.<\/p>\n<p>Compuesto por la disposici\u00f3n de los 9 amino\u00e1cidos esenciales (l-leucina, l-valina, l-isoleucina, l-lisina, l-fenilalanina, L-treonina, l-metionina, l-tript\u00f3fano, l-histidina) en las cantidades \u00f3ptimas que logran sustituir la ingesta de una comida proteica.<\/p>\n<p><strong>Benificios:<\/strong><\/p>\n<p>\u2022 R\u00e1pida absorci\u00f3n y digesti\u00f3n.<br \/>\n\u2022 M\u00e1xima retenci\u00f3n de nitr\u00f3geno.<br \/>\n\u2022 Creaci\u00f3n de masa muscular.<br \/>\n\u2022 Optimiza la s\u00edntesis de prote\u00ednas del cuerpo (BPS).<br \/>\n\u2022 Aumento de la fuerza muscular.<br \/>\n\u2022 Recuperaci\u00f3n m\u00e1s r\u00e1pida y efectiva.<\/p>\n<p>\u2022 Sin residuos significantes procedentes de las prote\u00ednas<br \/>\n\u2022 Muy bajas calor\u00edas (0,04 kcal\/g)<br \/>\n\u2022 Sin efectos adversos y contraindicaciones.<\/p>\n<p>Disponible en los siguientes sabores:<\/p>\n<ul>\n<li>Cola<\/li>\n<li>Lemon<\/li>\n<li>Naranja<\/li>\n<\/ul>\n<p><em>Advertencias: El producto debe guardarse en su envase en lugar fresco y seco. Los complementos alimenticios no deben utilizarse como sustitutos de una dieta equilibrada variada y un modo de vida sano. No superar la dosis diaria expresamente recomendada. Mantener fuera del alcance y de la vista de los ni\u00f1os.<\/em><\/p>\n","protected":false},"featured_media":182,"comment_status":"closed","ping_status":"closed","template":"","meta":[],"product_brand":[],"product_cat":[24,26],"product_tag":[],"class_list":{"0":"post-160","1":"product","2":"type-product","3":"status-publish","4":"has-post-thumbnail","6":"product_cat-aminoacidos","7":"product_cat-polvo","9":"first","10":"instock","11":"shipping-taxable","12":"product-type-simple"},"_links":{"self":[{"href":"https:\/\/pandfpharma.es\/en\/wp-json\/wp\/v2\/product\/160","targetHints":{"allow":["GET"]}}],"collection":[{"href":"https:\/\/pandfpharma.es\/en\/wp-json\/wp\/v2\/product"}],"about":[{"href":"https:\/\/pandfpharma.es\/en\/wp-json\/wp\/v2\/types\/product"}],"replies":[{"embeddable":true,"href":"https:\/\/pandfpharma.es\/en\/wp-json\/wp\/v2\/comments?post=160"}],"wp:featuredmedia":[{"embeddable":true,"href":"https:\/\/pandfpharma.es\/en\/wp-json\/wp\/v2\/media\/182"}],"wp:attachment":[{"href":"https:\/\/pandfpharma.es\/en\/wp-json\/wp\/v2\/media?parent=160"}],"wp:term":[{"taxonomy":"product_brand","embeddable":true,"href":"https:\/\/pandfpharma.es\/en\/wp-json\/wp\/v2\/product_brand?post=160"},{"taxonomy":"product_cat","embeddable":true,"href":"https:\/\/pandfpharma.es\/en\/wp-json\/wp\/v2\/product_cat?post=160"},{"taxonomy":"product_tag","embeddable":true,"href":"https:\/\/pandfpharma.es\/en\/wp-json\/wp\/v2\/product_tag?post=160"}],"curies":[{"name":"wp","href":"https:\/\/api.w.org\/{rel}","templated":true}]}}