{"id":161,"date":"2022-06-07T20:00:56","date_gmt":"2022-06-07T20:00:56","guid":{"rendered":"https:\/\/pandfpharma.es\/?post_type=product&#038;p=161"},"modified":"2022-06-07T20:01:08","modified_gmt":"2022-06-07T20:01:08","slug":"whey-iso-plus","status":"publish","type":"product","link":"https:\/\/pandfpharma.es\/en\/producto\/whey-iso-plus\/","title":{"rendered":"WHEY ISO PLUS"},"content":{"rendered":"","protected":false},"excerpt":{"rendered":"<p>WHEY ISO PLUS\u00a0 es la prote\u00edna de suero de leche m\u00e1s pura disponible, con un contenido de prote\u00edna de m\u00e1s de 90% con un bajo contenido de grasas y carbohidratos. En la fabricaci\u00f3n procedemos a una microfiltraci\u00f3n de flujo cruzado, un delicado proceso que utiliza filtros para separar la prote\u00edna de las grasas, el colesterol y la lactosa en funci\u00f3n de su peso y tama\u00f1o molecula proporcionando la proteina m\u00e1s pura del mercado. Formato 5LB.<\/p>\n<p>Contiene aislado de prote\u00edna de suero de leche de calidad suprema en una f\u00f3rmula altamente concentrada con m\u00e1s de un 90% de contenido en prote\u00edna. Esta prote\u00edna pura de alto valor biol\u00f3gico aporta un perfil completo de amino\u00e1cidos, ricos en BCAA, que te ayudar\u00e1n a incrementar la masa muscular, al tiempo que favorecer\u00e1n el mantenimiento del tejido muscular. Respaldado por certificados de calidad emitidos por laboratorios independientes.<\/p>\n<p><strong>Modo de Empleo<\/strong><\/p>\n<p>Mezclar 32 g del producto (2 cazos dosificadores) con 200-250ml de agua preferiblemente antes de entrenar. Tambi\u00e9n se puede hacer otra toma a lo largo del d\u00eda.<\/p>\n<p><strong>Disponible en los siguientes sabores:<\/strong><\/p>\n<ul>\n<li>Fresa<\/li>\n<li>Chocolate<\/li>\n<\/ul>\n<p><em>Advertencias: El producto debe guardarse en su envase en lugar fresco y seco. Los complementos alimenticios no deben utilizarse como sustitutos de una dieta equilibrada variada y un modo de vida sano. No superar la dosis diaria expresamente recomendada. Mantener fuera del alcance y de la vista de los ni\u00f1os.<\/em><\/p>\n","protected":false},"featured_media":183,"comment_status":"closed","ping_status":"closed","template":"","meta":[],"product_brand":[],"product_cat":[25,26,29],"product_tag":[],"class_list":{"0":"post-161","1":"product","2":"type-product","3":"status-publish","4":"has-post-thumbnail","6":"product_cat-ganar-masa","7":"product_cat-polvo","8":"product_cat-proteinas","10":"first","11":"instock","12":"shipping-taxable","13":"product-type-simple"},"_links":{"self":[{"href":"https:\/\/pandfpharma.es\/en\/wp-json\/wp\/v2\/product\/161","targetHints":{"allow":["GET"]}}],"collection":[{"href":"https:\/\/pandfpharma.es\/en\/wp-json\/wp\/v2\/product"}],"about":[{"href":"https:\/\/pandfpharma.es\/en\/wp-json\/wp\/v2\/types\/product"}],"replies":[{"embeddable":true,"href":"https:\/\/pandfpharma.es\/en\/wp-json\/wp\/v2\/comments?post=161"}],"wp:featuredmedia":[{"embeddable":true,"href":"https:\/\/pandfpharma.es\/en\/wp-json\/wp\/v2\/media\/183"}],"wp:attachment":[{"href":"https:\/\/pandfpharma.es\/en\/wp-json\/wp\/v2\/media?parent=161"}],"wp:term":[{"taxonomy":"product_brand","embeddable":true,"href":"https:\/\/pandfpharma.es\/en\/wp-json\/wp\/v2\/product_brand?post=161"},{"taxonomy":"product_cat","embeddable":true,"href":"https:\/\/pandfpharma.es\/en\/wp-json\/wp\/v2\/product_cat?post=161"},{"taxonomy":"product_tag","embeddable":true,"href":"https:\/\/pandfpharma.es\/en\/wp-json\/wp\/v2\/product_tag?post=161"}],"curies":[{"name":"wp","href":"https:\/\/api.w.org\/{rel}","templated":true}]}}