{"id":162,"date":"2022-06-07T20:00:56","date_gmt":"2022-06-07T20:00:56","guid":{"rendered":"https:\/\/pandfpharma.es\/?post_type=product&#038;p=162"},"modified":"2022-06-07T20:01:10","modified_gmt":"2022-06-07T20:01:10","slug":"mass-gainer-3kg","status":"publish","type":"product","link":"https:\/\/pandfpharma.es\/en\/producto\/mass-gainer-3kg\/","title":{"rendered":"MASS GAINER 3KG"},"content":{"rendered":"","protected":false},"excerpt":{"rendered":"<p>Te presentamos nuestro nuevo producto definitivo para aumentar tu masa muscular. Mass Gainer es un producto orientado especialmente a todos aquellos deportistas que buscan aumentar su peso de una manera eficaz y r\u00e1pida. Tambi\u00e9n est\u00e1 dirigido para aquellos que desean desarrollar y mantener su masa muscular, e incluso para todas aquellas personas que tienen un alto gasto energ\u00e9tico basal. Este producto es el compa\u00f1ero ideal para tus duros entrenamientos, aportando una dosis id\u00f3nea de calor\u00edas, prote\u00ednas, amino\u00e1cidos, grasas e hidratos de carbono de la m\u00e1s alta calidad y enriquecido con vitaminas y minerales para un incremento de la energ\u00eda.<\/p>\n<p><strong>MASS GAINER<\/strong>\u00a0de\u00a0<strong>P&amp;F Pharma<\/strong>\u00a0est\u00e1 formulado de forma exclusiva con la prote\u00edna e hidratos de carbono de la m\u00e1s alta calidad con una cantidad contenida de edulcorantes, enriquecido con vitamina B6 y disponible en cuatro deliciosos sabores.<\/p>\n<p><strong>Ingredientes:<\/strong>\u00a0Dextrosa cristal monohidrato, maltodextrina, concentrado de prote\u00edna de lactosuero instant\u00e1neo obtenido mediante ultramicrofiltraci\u00f3n, aromas, cacao (sabor chocolate), creatina monohidrato, edulcorante (sucralosa), colorante E-102 (sabor lim\u00f3n), colorante rojo E-124 y colorante natural rojo remolacha E-162 (sabor pi\u00f1a colada, sabor vainilla con galletas, sabor moka-capuccino). Puede contener trazas de gluten, huevos, leche, pescado y soja.<\/p>\n<p><strong>Modo de empleo:<\/strong>\u00a0Tomar 120g (2 Cazos) con 250ml \u2013 300ml de agua al d\u00eda..<\/p>\n<p><em>Advertencias: El producto debe guardarse en su envase en lugar fresco y seco. Los complementos alimenticios no deben utilizarse como sustitutos de una dieta equilibrada variada y un modo de vida sano. No superar la dosis diaria expresamente recomendada. Mantener fuera del alcance y de la vista de los ni\u00f1os.<\/em><\/p>\n","protected":false},"featured_media":184,"comment_status":"closed","ping_status":"closed","template":"","meta":[],"product_brand":[],"product_cat":[25,26],"product_tag":[],"class_list":{"0":"post-162","1":"product","2":"type-product","3":"status-publish","4":"has-post-thumbnail","6":"product_cat-ganar-masa","7":"product_cat-polvo","9":"first","10":"instock","11":"shipping-taxable","12":"product-type-simple"},"_links":{"self":[{"href":"https:\/\/pandfpharma.es\/en\/wp-json\/wp\/v2\/product\/162","targetHints":{"allow":["GET"]}}],"collection":[{"href":"https:\/\/pandfpharma.es\/en\/wp-json\/wp\/v2\/product"}],"about":[{"href":"https:\/\/pandfpharma.es\/en\/wp-json\/wp\/v2\/types\/product"}],"replies":[{"embeddable":true,"href":"https:\/\/pandfpharma.es\/en\/wp-json\/wp\/v2\/comments?post=162"}],"wp:featuredmedia":[{"embeddable":true,"href":"https:\/\/pandfpharma.es\/en\/wp-json\/wp\/v2\/media\/184"}],"wp:attachment":[{"href":"https:\/\/pandfpharma.es\/en\/wp-json\/wp\/v2\/media?parent=162"}],"wp:term":[{"taxonomy":"product_brand","embeddable":true,"href":"https:\/\/pandfpharma.es\/en\/wp-json\/wp\/v2\/product_brand?post=162"},{"taxonomy":"product_cat","embeddable":true,"href":"https:\/\/pandfpharma.es\/en\/wp-json\/wp\/v2\/product_cat?post=162"},{"taxonomy":"product_tag","embeddable":true,"href":"https:\/\/pandfpharma.es\/en\/wp-json\/wp\/v2\/product_tag?post=162"}],"curies":[{"name":"wp","href":"https:\/\/api.w.org\/{rel}","templated":true}]}}