{"id":163,"date":"2022-06-07T20:00:56","date_gmt":"2022-06-07T20:00:56","guid":{"rendered":"https:\/\/pandfpharma.es\/?post_type=product&#038;p=163"},"modified":"2022-06-07T20:01:12","modified_gmt":"2022-06-07T20:01:12","slug":"arginine","status":"publish","type":"product","link":"https:\/\/pandfpharma.es\/en\/producto\/arginine\/","title":{"rendered":"ARGININE"},"content":{"rendered":"","protected":false},"excerpt":{"rendered":"<p>La\u00a0<strong>L-Arginina<\/strong>\u00a0es un nutriente no esencial que el cuerpo es incapaz de generar en la cantidad suficiente durante los entrenamientos de alta intensidad por lo que debemos complementar su toma de forma externa. Adem\u00e1s, la arginina mejora la s\u00edntesis del \u00f3xido n\u00edtrico ingerida como pre entreno.<\/p>\n<p>ARGININE es un amino\u00e1cido precursor metab\u00f3lico del oxido nitrico, lo que provoca la relajaci\u00f3n de los vasos sangu\u00edneos. Ayuda a mantener o incrementar la masa muscular, al potenciar la s\u00edntesis de col\u00e1geno, facilita la formaci\u00f3n de nuevos tejidos, y a su vez: consigue reducir el tiempo de cicatrizaci\u00f3n de las heridas. Desde el punto de vista de la salud, estudios cient\u00edficos sugieren que este amino\u00e1cido puede ayudar a tratar afecciones que mejoran con la vasodilataci\u00f3n.<\/p>\n<p><strong>Ingredientes:<\/strong>\u00a0Arginina HCl y antiaglomerantes (carbonato de magnesio y estearato de magnesio). C\u00e1psula (hidroxipropilmetilcelulosa y colorantes (di\u00f3xido de titanio)). Puede contener trazas de gluten, huevos, leche, pescado y soja.<\/p>\n<p><strong>Modo de empleo:<\/strong>\u00a0Tomar 4 C\u00e1psulas al d\u00eda.<\/p>\n<p><em>Advertencias:<\/em> Los complementos alimenticios no deben ser utilizados como sustitutos de una dieta variada y equilibrada y un estilo de vida saludable. No exceder la dosis diaria expresamente recomendada. Mantener fuera del alcance de los ni\u00f1os m\u00e1s peque\u00f1os. Conservar bien cerrado en un lugar fresco y seco.<\/p>\n<p><em>Advertencias: El producto debe guardarse en su envase en lugar fresco y seco. Los complementos alimenticios no deben utilizarse como sustitutos de una dieta equilibrada variada y un modo de vida sano. No superar la dosis diaria expresamente recomendada. Mantener fuera del alcance y de la vista de los ni\u00f1os.<\/em><\/p>\n<p>&nbsp;<\/p>\n","protected":false},"featured_media":185,"comment_status":"closed","ping_status":"closed","template":"","meta":[],"product_brand":[],"product_cat":[24,27],"product_tag":[],"class_list":{"0":"post-163","1":"product","2":"type-product","3":"status-publish","4":"has-post-thumbnail","6":"product_cat-aminoacidos","7":"product_cat-capsulas","9":"first","10":"instock","11":"shipping-taxable","12":"product-type-simple"},"_links":{"self":[{"href":"https:\/\/pandfpharma.es\/en\/wp-json\/wp\/v2\/product\/163","targetHints":{"allow":["GET"]}}],"collection":[{"href":"https:\/\/pandfpharma.es\/en\/wp-json\/wp\/v2\/product"}],"about":[{"href":"https:\/\/pandfpharma.es\/en\/wp-json\/wp\/v2\/types\/product"}],"replies":[{"embeddable":true,"href":"https:\/\/pandfpharma.es\/en\/wp-json\/wp\/v2\/comments?post=163"}],"wp:featuredmedia":[{"embeddable":true,"href":"https:\/\/pandfpharma.es\/en\/wp-json\/wp\/v2\/media\/185"}],"wp:attachment":[{"href":"https:\/\/pandfpharma.es\/en\/wp-json\/wp\/v2\/media?parent=163"}],"wp:term":[{"taxonomy":"product_brand","embeddable":true,"href":"https:\/\/pandfpharma.es\/en\/wp-json\/wp\/v2\/product_brand?post=163"},{"taxonomy":"product_cat","embeddable":true,"href":"https:\/\/pandfpharma.es\/en\/wp-json\/wp\/v2\/product_cat?post=163"},{"taxonomy":"product_tag","embeddable":true,"href":"https:\/\/pandfpharma.es\/en\/wp-json\/wp\/v2\/product_tag?post=163"}],"curies":[{"name":"wp","href":"https:\/\/api.w.org\/{rel}","templated":true}]}}