{"id":164,"date":"2022-06-07T20:00:56","date_gmt":"2022-06-07T20:00:56","guid":{"rendered":"https:\/\/pandfpharma.es\/?post_type=product&#038;p=164"},"modified":"2022-06-07T20:01:14","modified_gmt":"2022-06-07T20:01:14","slug":"tribulus","status":"publish","type":"product","link":"https:\/\/pandfpharma.es\/en\/producto\/tribulus\/","title":{"rendered":"TRIBULUS"},"content":{"rendered":"","protected":false},"excerpt":{"rendered":"<p>El\u00a0<strong>Tribulus<\/strong>\u00a0es la planta m\u00e1s estudiada y empleada para la mejorar naturalmente de la producci\u00f3n de testosterona. Su elevada concentraci\u00f3n de saponinas, especialmente de protodioscina, que es el compuesto m\u00e1s activo, hace de este producto el complemento ideal para optimizar la funci\u00f3n hormonal. El\u00a0<strong>Tribulus<\/strong>\u00a0mejora la espermatog\u00e9nesis y la libido en ambos sexos. Por esta raz\u00f3n ha sido utilizada tradicionalmente y para tratar la impotencia y la infertilidad.<br \/>\nAl favorecer la producci\u00f3n de testosterona se favorece el desarrollo de masa muscular libre de grasa, a la vez que aporta energ\u00eda y ayuda a mejorar la resistencia.<\/p>\n<p>&nbsp;<\/p>\n<p><strong>Ingredientes:<\/strong>\u00a0Extracto seco de tribulus (Tribulus terrestris L. 90% saponinas), maltodextrina y antiaglomerante (estearato de magnesio). C\u00e1psula (hidroxipropilmetilcelulosa y colorantes (di\u00f3xido de titanio)). Puede contener trazas de gluten, huevos, leche, pescado y soja.<\/p>\n<p><strong>Modo de empleo:<\/strong>\u00a0Tomar 3 c\u00e1psulas al d\u00eda.<\/p>\n<p><strong>Cantidad diaria recomendada:<\/strong>\u00a03 c\u00e1psulas.<\/p>\n<p><strong>Presentaci\u00f3n:<\/strong>\u00a0Bote con 90 C\u00e1psulas.<\/p>\n<p><em>Advertencia: Los complementos alimenticios no deben utilizarse como sustitutos de una dieta variada y equilibrada y de un modo de vida sana. No superar la dosis diaria recomendada. Mantener fuera del alcance de los ni\u00f1os.<\/em><\/p>\n<p><em>Advertencias: El producto debe guardarse en su envase en lugar fresco y seco. Los complementos alimenticios no deben utilizarse como sustitutos de una dieta equilibrada variada y un modo de vida sano. No superar la dosis diaria expresamente recomendada. Mantener fuera del alcance y de la vista de los ni\u00f1os.<\/em><\/p>\n","protected":false},"featured_media":186,"comment_status":"closed","ping_status":"closed","template":"","meta":[],"product_brand":[],"product_cat":[27,28],"product_tag":[],"class_list":{"0":"post-164","1":"product","2":"type-product","3":"status-publish","4":"has-post-thumbnail","6":"product_cat-capsulas","7":"product_cat-precursores-de-crecimiento-hormonal","9":"first","10":"instock","11":"shipping-taxable","12":"product-type-simple"},"_links":{"self":[{"href":"https:\/\/pandfpharma.es\/en\/wp-json\/wp\/v2\/product\/164","targetHints":{"allow":["GET"]}}],"collection":[{"href":"https:\/\/pandfpharma.es\/en\/wp-json\/wp\/v2\/product"}],"about":[{"href":"https:\/\/pandfpharma.es\/en\/wp-json\/wp\/v2\/types\/product"}],"replies":[{"embeddable":true,"href":"https:\/\/pandfpharma.es\/en\/wp-json\/wp\/v2\/comments?post=164"}],"wp:featuredmedia":[{"embeddable":true,"href":"https:\/\/pandfpharma.es\/en\/wp-json\/wp\/v2\/media\/186"}],"wp:attachment":[{"href":"https:\/\/pandfpharma.es\/en\/wp-json\/wp\/v2\/media?parent=164"}],"wp:term":[{"taxonomy":"product_brand","embeddable":true,"href":"https:\/\/pandfpharma.es\/en\/wp-json\/wp\/v2\/product_brand?post=164"},{"taxonomy":"product_cat","embeddable":true,"href":"https:\/\/pandfpharma.es\/en\/wp-json\/wp\/v2\/product_cat?post=164"},{"taxonomy":"product_tag","embeddable":true,"href":"https:\/\/pandfpharma.es\/en\/wp-json\/wp\/v2\/product_tag?post=164"}],"curies":[{"name":"wp","href":"https:\/\/api.w.org\/{rel}","templated":true}]}}