{"id":165,"date":"2022-06-07T20:00:56","date_gmt":"2022-06-07T20:00:56","guid":{"rendered":"https:\/\/pandfpharma.es\/?post_type=product&#038;p=165"},"modified":"2022-06-07T20:01:16","modified_gmt":"2022-06-07T20:01:16","slug":"carnitine-liquid-500ml","status":"publish","type":"product","link":"https:\/\/pandfpharma.es\/en\/producto\/carnitine-liquid-500ml\/","title":{"rendered":"CARNITINE LIQUID 500ML"},"content":{"rendered":"","protected":false},"excerpt":{"rendered":"<p>La\u00a0<strong>L-Carnitina<\/strong>\u00a0se ha convertido en el suplemento ideal para aumentar el rendimiento de los deportistas gracias a sus tradicionales propiedades que convierten los \u00e1cidos grasos en energ\u00eda. De esta forma, te ayuda a quemar grasas de forma m\u00e1s r\u00e1pida. Adem\u00e1s, mejora la resistencia y facilita la recuperaci\u00f3n post-entreno.<\/p>\n<p>Act\u00faa como transportador o sistema de lanzadera de los \u00e1cidos grasos de cadena larga a trav\u00e9s de la membrana mitocondrial para aumentar la producci\u00f3n de energ\u00eda mediante la degradaci\u00f3n lip\u00eddica.<\/p>\n<p>&nbsp;<\/p>\n<p><strong>Ingredientes:<\/strong>\u00a0Agua, glicerina, L-carnitina base, acidulantes (\u00e1cido c\u00edtrico y \u00e1cido m\u00e1lico), cafe\u00edna anhidra, aromas, conservantes (benzoato s\u00f3dico y sorbato pot\u00e1sico), edulcorantes (sucralosa y acesulfamo K) y colorante (tartrazina). Elevado contenido en cafe\u00edna (60 mg por dosis diaria recomendada).<br \/>\nNo recomendado para ni\u00f1os ni mujeres embarazadas o en per\u00edodo de lactancia. Puede contener trazas de gluten, huevos, pescado, soja y leche.<\/p>\n<p><strong>Uso recomendado:<\/strong>\u00a0Tomar 20 ml (1 tap\u00f3n) antes del entrenamiento.<\/p>\n<p><strong>Cantidad diaria recomendada:<\/strong>\u00a020 ml al d\u00eda.<\/p>\n<p><strong>Presentaci\u00f3n:<\/strong>\u00a0Bote de 500 ml de l\u00edquido sabor lim\u00f3n. Cantidad neta 500ml.<\/p>\n<p><em>Advertencias: El producto debe guardarse en su envase en lugar fresco y seco. Los complementos alimenticios no deben utilizarse como sustitutos de una dieta equilibrada variada y un modo de vida sano. No superar la dosis diaria expresamente recomendada. Mantener fuera del alcance y de la vista de los ni\u00f1os.<\/em><\/p>\n","protected":false},"featured_media":187,"comment_status":"closed","ping_status":"closed","template":"","meta":[],"product_brand":[],"product_cat":[30,31,32,33],"product_tag":[],"class_list":{"0":"post-165","1":"product","2":"type-product","3":"status-publish","4":"has-post-thumbnail","6":"product_cat-energia","7":"product_cat-liquido","8":"product_cat-pre-entrenamiento","9":"product_cat-suplemento-alimenticio","11":"first","12":"instock","13":"shipping-taxable","14":"product-type-simple"},"_links":{"self":[{"href":"https:\/\/pandfpharma.es\/en\/wp-json\/wp\/v2\/product\/165","targetHints":{"allow":["GET"]}}],"collection":[{"href":"https:\/\/pandfpharma.es\/en\/wp-json\/wp\/v2\/product"}],"about":[{"href":"https:\/\/pandfpharma.es\/en\/wp-json\/wp\/v2\/types\/product"}],"replies":[{"embeddable":true,"href":"https:\/\/pandfpharma.es\/en\/wp-json\/wp\/v2\/comments?post=165"}],"wp:featuredmedia":[{"embeddable":true,"href":"https:\/\/pandfpharma.es\/en\/wp-json\/wp\/v2\/media\/187"}],"wp:attachment":[{"href":"https:\/\/pandfpharma.es\/en\/wp-json\/wp\/v2\/media?parent=165"}],"wp:term":[{"taxonomy":"product_brand","embeddable":true,"href":"https:\/\/pandfpharma.es\/en\/wp-json\/wp\/v2\/product_brand?post=165"},{"taxonomy":"product_cat","embeddable":true,"href":"https:\/\/pandfpharma.es\/en\/wp-json\/wp\/v2\/product_cat?post=165"},{"taxonomy":"product_tag","embeddable":true,"href":"https:\/\/pandfpharma.es\/en\/wp-json\/wp\/v2\/product_tag?post=165"}],"curies":[{"name":"wp","href":"https:\/\/api.w.org\/{rel}","templated":true}]}}