{"id":166,"date":"2022-06-07T20:00:56","date_gmt":"2022-06-07T20:00:56","guid":{"rendered":"https:\/\/pandfpharma.es\/?post_type=product&#038;p=166"},"modified":"2022-06-07T20:01:19","modified_gmt":"2022-06-07T20:01:19","slug":"pumpjaguer-500gr","status":"publish","type":"product","link":"https:\/\/pandfpharma.es\/en\/producto\/pumpjaguer-500gr\/","title":{"rendered":"PUMPJAGUER 500GR"},"content":{"rendered":"","protected":false},"excerpt":{"rendered":"<p><strong>Pump Jaguer<\/strong>\u00a0es un preentreno percursor del \u00f3xido nitrico y aporta energ\u00eda extra. El \u00f3xido n\u00edtrico es un vasodilatador que se encarga de dilatar las c\u00e9lulas musculares y hacer as\u00ed que los m\u00fasculos reciban muchos m\u00e1s nutrientes mientras entrenamos, logrando as\u00ed que tengamos mucha mayor vitalidad a la hora de llevar a cabo los entrenamientos, adem\u00e1s de conseguir una mejor recuperaci\u00f3n muscular.<\/p>\n<p>Proporcionan un rendimiento \u00f3ptimo y energ\u00eda extrema permitiendo realizar los entrenamientos y las competiciones con mayor intensidad ideal para todas las pr\u00e1cticas deportivas. Pre entreno para obtener increibles resultados en entrenamientos de alta intensidad.<\/p>\n<p>&nbsp;<\/p>\n<p><strong>Ingredientes:<\/strong>\u00a0Beta alanina, L-arginina alfa-cetoglutarato, creatina clorhidrato, taurina, L-citrulina malato, aromas, citrato tris\u00f3dico, creatina monohidrato, fosfato tric\u00e1lcico, tirosina, bicarbonato s\u00f3dico, cafe\u00edna anhidra, acidulante E-330, antiaglomerante E-551, zumo de lim\u00f3n en polvo, colorante E-150d, edulcorantes (E-955 y E-954), vitamina B3 (nicotinamida), pimienta negra en polvo (Piper nigrum L.), vitamina B6 (clorhidrato de piridoxina) y vitamina B1 (clorhidrato de tiamina).<br \/>\n<em>Contiene cafe\u00edna (300 mg por dosis diaria recomendada). No recomendado para ni\u00f1os ni mujeres embarazadas.<\/em><\/p>\n<p><strong>Uso recomendado:<\/strong>\u00a0Mezclar 12 g (3 cazos) del producto en 200 ml de liquido media hora antes del entrenamiento.<\/p>\n<p><strong>Cantidad diaria recomendada:<\/strong>\u00a012 gr al d\u00eda.<\/p>\n<p><strong>Presentaci\u00f3n:<\/strong>\u00a0Bote de 500 gr. Peso neto aprox. 500gr.<\/p>\n<p><em>Advertencias: El producto debe guardarse en su envase en lugar fresco y seco. Los complementos alimenticios no deben utilizarse como sustitutos de una dieta equilibrada variada y un modo de vida sano. No superar la dosis diaria expresamente recomendada. Mantener fuera del alcance y de la vista de los ni\u00f1os.<\/em><\/p>\n","protected":false},"featured_media":188,"comment_status":"closed","ping_status":"closed","template":"","meta":[],"product_brand":[],"product_cat":[30,26,32,33],"product_tag":[],"class_list":{"0":"post-166","1":"product","2":"type-product","3":"status-publish","4":"has-post-thumbnail","6":"product_cat-energia","7":"product_cat-polvo","8":"product_cat-pre-entrenamiento","9":"product_cat-suplemento-alimenticio","11":"first","12":"instock","13":"shipping-taxable","14":"product-type-simple"},"_links":{"self":[{"href":"https:\/\/pandfpharma.es\/en\/wp-json\/wp\/v2\/product\/166","targetHints":{"allow":["GET"]}}],"collection":[{"href":"https:\/\/pandfpharma.es\/en\/wp-json\/wp\/v2\/product"}],"about":[{"href":"https:\/\/pandfpharma.es\/en\/wp-json\/wp\/v2\/types\/product"}],"replies":[{"embeddable":true,"href":"https:\/\/pandfpharma.es\/en\/wp-json\/wp\/v2\/comments?post=166"}],"wp:featuredmedia":[{"embeddable":true,"href":"https:\/\/pandfpharma.es\/en\/wp-json\/wp\/v2\/media\/188"}],"wp:attachment":[{"href":"https:\/\/pandfpharma.es\/en\/wp-json\/wp\/v2\/media?parent=166"}],"wp:term":[{"taxonomy":"product_brand","embeddable":true,"href":"https:\/\/pandfpharma.es\/en\/wp-json\/wp\/v2\/product_brand?post=166"},{"taxonomy":"product_cat","embeddable":true,"href":"https:\/\/pandfpharma.es\/en\/wp-json\/wp\/v2\/product_cat?post=166"},{"taxonomy":"product_tag","embeddable":true,"href":"https:\/\/pandfpharma.es\/en\/wp-json\/wp\/v2\/product_tag?post=166"}],"curies":[{"name":"wp","href":"https:\/\/api.w.org\/{rel}","templated":true}]}}