{"id":167,"date":"2022-06-07T20:00:57","date_gmt":"2022-06-07T20:00:57","guid":{"rendered":"https:\/\/pandfpharma.es\/?post_type=product&#038;p=167"},"modified":"2022-06-07T20:01:22","modified_gmt":"2022-06-07T20:01:22","slug":"omega-369","status":"publish","type":"product","link":"https:\/\/pandfpharma.es\/en\/producto\/omega-369\/","title":{"rendered":"OMEGA 369"},"content":{"rendered":"","protected":false},"excerpt":{"rendered":"<p>Omega 3, 6 y 9 o \u00e1cidos grasos insaturados, como los omegas, tiene un efecto importante sobre la salud cardiovascular, disminuyendo la producci\u00f3n y aumentando la eliminaci\u00f3n de triglic\u00e9ridos y colesterol, que son los causantes del incremento y formaci\u00f3n de las placas arterioescler\u00f3ticas.<\/p>\n<p>Los \u00e1cidos grasos\u00a0<strong>Omega-3<\/strong>\u00a0son un tipo de grasa poliinsaturada (como los omega-6), considerados esenciales porque el cuerpo no puede producirlos.<\/p>\n<p>&nbsp;<\/p>\n<p><strong>Presentaci\u00f3n:<\/strong>\u00a0100 perlas de 1330 mg. Peso Neto: 133 g.<\/p>\n<p><strong>Dosis diaria recomendada:<\/strong>\u00a02 perlas.<\/p>\n<p><strong>Modo de empleo:<\/strong>\u00a0Tome dos perlas al d\u00eda con agua o zumo. Complemento alimenticio a base de Omega 3-6-9.<\/p>\n<p><strong>Ingredientes por 2 perlas:<\/strong>\u00a0Aceite de pescado 664 mg, aceite de semilla de lino 664 mg, aceite de onagra 664 mg, D-alfa-tocoferol 10 mg y vitaheess E plus* 0,4 mg. Perla (gelatina y E-422). Puede contener trazas de gluten, huevos, frutos secos, pescado, soja o lactosa. *Vitaheess E est\u00e1 formado a base E-306, E-310 y E-304i. Advertencias: Los complementos alimenticios no deben utilizarse como sustitutos de una dieta equilibrada y variada y por un modo de vida saludable. No superar la dosis diaria expresamente recomendada. Mantener fuera del alcance de los ni\u00f1os m\u00e1s peque\u00f1os.<\/p>\n<p><em>Advertencias: El producto debe guardarse en su envase en lugar fresco y seco. Los complementos alimenticios no deben utilizarse como sustitutos de una dieta equilibrada variada y un modo de vida sano. No superar la dosis diaria expresamente recomendada. Mantener fuera del alcance y de la vista de los ni\u00f1os.<\/em><\/p>\n","protected":false},"featured_media":189,"comment_status":"closed","ping_status":"closed","template":"","meta":[],"product_brand":[],"product_cat":[27,30,33],"product_tag":[],"class_list":{"0":"post-167","1":"product","2":"type-product","3":"status-publish","4":"has-post-thumbnail","6":"product_cat-capsulas","7":"product_cat-energia","8":"product_cat-suplemento-alimenticio","10":"first","11":"instock","12":"shipping-taxable","13":"product-type-simple"},"_links":{"self":[{"href":"https:\/\/pandfpharma.es\/en\/wp-json\/wp\/v2\/product\/167","targetHints":{"allow":["GET"]}}],"collection":[{"href":"https:\/\/pandfpharma.es\/en\/wp-json\/wp\/v2\/product"}],"about":[{"href":"https:\/\/pandfpharma.es\/en\/wp-json\/wp\/v2\/types\/product"}],"replies":[{"embeddable":true,"href":"https:\/\/pandfpharma.es\/en\/wp-json\/wp\/v2\/comments?post=167"}],"wp:featuredmedia":[{"embeddable":true,"href":"https:\/\/pandfpharma.es\/en\/wp-json\/wp\/v2\/media\/189"}],"wp:attachment":[{"href":"https:\/\/pandfpharma.es\/en\/wp-json\/wp\/v2\/media?parent=167"}],"wp:term":[{"taxonomy":"product_brand","embeddable":true,"href":"https:\/\/pandfpharma.es\/en\/wp-json\/wp\/v2\/product_brand?post=167"},{"taxonomy":"product_cat","embeddable":true,"href":"https:\/\/pandfpharma.es\/en\/wp-json\/wp\/v2\/product_cat?post=167"},{"taxonomy":"product_tag","embeddable":true,"href":"https:\/\/pandfpharma.es\/en\/wp-json\/wp\/v2\/product_tag?post=167"}],"curies":[{"name":"wp","href":"https:\/\/api.w.org\/{rel}","templated":true}]}}