{"id":168,"date":"2022-06-07T20:00:57","date_gmt":"2022-06-07T20:00:57","guid":{"rendered":"https:\/\/pandfpharma.es\/?post_type=product&#038;p=168"},"modified":"2022-06-07T20:01:24","modified_gmt":"2022-06-07T20:01:24","slug":"daily-vitamin-120-caps","status":"publish","type":"product","link":"https:\/\/pandfpharma.es\/en\/producto\/daily-vitamin-120-caps\/","title":{"rendered":"DAILY VITAMIN 120 CAPS"},"content":{"rendered":"","protected":false},"excerpt":{"rendered":"<p>Aporte extra de vitaminas y minerales que benefician el crecimiento de masa magra, el rendimiento y mejoran el descanso del deportista.<\/p>\n<p>Ayuda a complementar tu nutrici\u00f3n, mantener tu energ\u00eda y reforzar las defensas.<\/p>\n<p><strong>Ingredientes:<\/strong>\u00a0Carbonato de calcio, fosfato de magnesio, vitamina C (\u00e1cido L-asc\u00f3rbico), fumarato ferroso, \u00f3xido de zinc, cloruro de potasio, vitamina B3 (niacinamida), vitamina E (acetato de DL-alfatocoferol), gluconato de manganeso, D-pantotenato de calcio, gluconato de cobre, vitamina A (acetato de retinilo), beta caroteno, vitamina B1 HCl, riboflavina, vitamina B6 HCl, \u00e1cido f\u00f3lico, yoduro de potasio, picolinato de cromo, D-biotina, slenito de sodio, antiaglomerante E-470B, vitamina D (colecalciferol) y vitamina B12 (cianocobalamina). C\u00e1psula (gelatina y opacifiante E-171.<\/p>\n<p><strong>Modo de empleo:<\/strong>\u00a0Tomar una c\u00e1psula al d\u00eda acompa\u00f1ada de un vaso de agua, preferiblemente por la ma\u00f1ana.<\/p>\n<p><strong>Cantidad diaria recomendada:<\/strong>1 c\u00e1psula al d\u00eda.<\/p>\n<p><strong>Presentaci\u00f3n:<\/strong>\u00a0Bote de 120caps. Peso neto 72gr.<\/p>\n<p><em>Advertencias: Los complementos alimenticios no deben utilizarse como sustitutos de una dieta variada y equilibrada y de un modo de vida sana. No superar la dosis diaria recomendada. mantener fuera del alcance de los ni\u00f1os.<\/em><\/p>\n<p><em>Advertencias: El producto debe guardarse en su envase en lugar fresco y seco. Los complementos alimenticios no deben utilizarse como sustitutos de una dieta equilibrada variada y un modo de vida sano. No superar la dosis diaria expresamente recomendada. Mantener fuera del alcance y de la vista de los ni\u00f1os.<\/em><\/p>\n<p>&nbsp;<\/p>\n","protected":false},"featured_media":190,"comment_status":"closed","ping_status":"closed","template":"","meta":[],"product_brand":[],"product_cat":[27,34],"product_tag":[],"class_list":{"0":"post-168","1":"product","2":"type-product","3":"status-publish","4":"has-post-thumbnail","6":"product_cat-capsulas","7":"product_cat-vitaminas","9":"first","10":"instock","11":"shipping-taxable","12":"product-type-simple"},"_links":{"self":[{"href":"https:\/\/pandfpharma.es\/en\/wp-json\/wp\/v2\/product\/168","targetHints":{"allow":["GET"]}}],"collection":[{"href":"https:\/\/pandfpharma.es\/en\/wp-json\/wp\/v2\/product"}],"about":[{"href":"https:\/\/pandfpharma.es\/en\/wp-json\/wp\/v2\/types\/product"}],"replies":[{"embeddable":true,"href":"https:\/\/pandfpharma.es\/en\/wp-json\/wp\/v2\/comments?post=168"}],"wp:featuredmedia":[{"embeddable":true,"href":"https:\/\/pandfpharma.es\/en\/wp-json\/wp\/v2\/media\/190"}],"wp:attachment":[{"href":"https:\/\/pandfpharma.es\/en\/wp-json\/wp\/v2\/media?parent=168"}],"wp:term":[{"taxonomy":"product_brand","embeddable":true,"href":"https:\/\/pandfpharma.es\/en\/wp-json\/wp\/v2\/product_brand?post=168"},{"taxonomy":"product_cat","embeddable":true,"href":"https:\/\/pandfpharma.es\/en\/wp-json\/wp\/v2\/product_cat?post=168"},{"taxonomy":"product_tag","embeddable":true,"href":"https:\/\/pandfpharma.es\/en\/wp-json\/wp\/v2\/product_tag?post=168"}],"curies":[{"name":"wp","href":"https:\/\/api.w.org\/{rel}","templated":true}]}}