{"id":169,"date":"2022-06-07T20:00:57","date_gmt":"2022-06-07T20:00:57","guid":{"rendered":"https:\/\/pandfpharma.es\/?post_type=product&#038;p=169"},"modified":"2022-06-07T20:01:26","modified_gmt":"2022-06-07T20:01:26","slug":"creapure-500gr","status":"publish","type":"product","link":"https:\/\/pandfpharma.es\/en\/producto\/creapure-500gr\/","title":{"rendered":"CREAPURE 500GR"},"content":{"rendered":"","protected":false},"excerpt":{"rendered":"<p>La\u00a0<strong>Creatina<\/strong>\u00a0es un suplemento adecuado para todo tipo de deportistas ya que ayuda a mejorar la fuerza y potencia en general. Es una forma r\u00e1pida y pr\u00e1ctica para alcanzar un m\u00e1ximo beneficio ya que incrementa tu rendimiento f\u00edsico sobre todo en intervalos de ejercicios cortos y de alta intensidad.<\/p>\n<p>Los estudios y la experiencia en deportistas y atletas, demuestran los beneficios de la creatina referidos en mejorar la fuerza m\u00e1xima, aumentar la masa muscular magra y ayudar a que los m\u00fasculos se recuperen m\u00e1s r\u00e1pidamente durante el ejercicio.<\/p>\n<p>La creatina del cuerpo se encuentra en su mayor\u00eda el m\u00fasculo esquel\u00e9tico.<\/p>\n<p>Ayuda a suministrar energ\u00eda a las c\u00e9lulas, principalmente las musculares.<\/p>\n<p><strong>Ingredientes:<\/strong>\u00a0Crapure monohidrato (Creapure) un 100% de pureza.<\/p>\n<p><strong>Uso recomendado:<\/strong>\u00a0Tomar un dosificadro raso (3gr) 2 veces al d\u00eda, preferiblemente una antes de entrenar.<\/p>\n<p><strong>Cantidad diaria recomendada:<\/strong>\u00a06 gr al d\u00eda.<\/p>\n<p><strong>Presentaci\u00f3n:<\/strong>\u00a0Bote de 500 gr. Peso neto aprox. 500gr.<\/p>\n<p><em>Advertencias: Los complementos alimenticios no deben utilizarse como sustitutos de una dieta variada y equilibrada y de un modo de vida sana. No superar la dosis daria recomendada. Mantener fuera del alcance de los ni\u00f1os.<\/em><\/p>\n<p><em>Advertencias: El producto debe guardarse en su envase en lugar fresco y seco. Los complementos alimenticios no deben utilizarse como sustitutos de una dieta equilibrada variada y un modo de vida sano. No superar la dosis diaria expresamente recomendada. Mantener fuera del alcance y de la vista de los ni\u00f1os.<\/em><\/p>\n","protected":false},"featured_media":191,"comment_status":"closed","ping_status":"closed","template":"","meta":[],"product_brand":[],"product_cat":[35],"product_tag":[],"class_list":{"0":"post-169","1":"product","2":"type-product","3":"status-publish","4":"has-post-thumbnail","6":"product_cat-creatina","8":"first","9":"instock","10":"shipping-taxable","11":"product-type-simple"},"_links":{"self":[{"href":"https:\/\/pandfpharma.es\/en\/wp-json\/wp\/v2\/product\/169","targetHints":{"allow":["GET"]}}],"collection":[{"href":"https:\/\/pandfpharma.es\/en\/wp-json\/wp\/v2\/product"}],"about":[{"href":"https:\/\/pandfpharma.es\/en\/wp-json\/wp\/v2\/types\/product"}],"replies":[{"embeddable":true,"href":"https:\/\/pandfpharma.es\/en\/wp-json\/wp\/v2\/comments?post=169"}],"wp:featuredmedia":[{"embeddable":true,"href":"https:\/\/pandfpharma.es\/en\/wp-json\/wp\/v2\/media\/191"}],"wp:attachment":[{"href":"https:\/\/pandfpharma.es\/en\/wp-json\/wp\/v2\/media?parent=169"}],"wp:term":[{"taxonomy":"product_brand","embeddable":true,"href":"https:\/\/pandfpharma.es\/en\/wp-json\/wp\/v2\/product_brand?post=169"},{"taxonomy":"product_cat","embeddable":true,"href":"https:\/\/pandfpharma.es\/en\/wp-json\/wp\/v2\/product_cat?post=169"},{"taxonomy":"product_tag","embeddable":true,"href":"https:\/\/pandfpharma.es\/en\/wp-json\/wp\/v2\/product_tag?post=169"}],"curies":[{"name":"wp","href":"https:\/\/api.w.org\/{rel}","templated":true}]}}