{"id":170,"date":"2022-06-07T20:00:57","date_gmt":"2022-06-07T20:00:57","guid":{"rendered":"https:\/\/pandfpharma.es\/?post_type=product&#038;p=170"},"modified":"2022-06-07T20:01:28","modified_gmt":"2022-06-07T20:01:28","slug":"cla-90-pearls","status":"publish","type":"product","link":"https:\/\/pandfpharma.es\/en\/producto\/cla-90-pearls\/","title":{"rendered":"CLA 90 PEARLS"},"content":{"rendered":"","protected":false},"excerpt":{"rendered":"<p><strong>CLA<\/strong>\u00a0es un suplemento nutricional indicado para la p\u00e9rdida de peso, compuesto fundamentalmente por \u00e1cido graso esencial que se produce a partir del \u00e1cido linoleico. El CLA te ayuda a perder peso r\u00e1pidamente y de manera saludable, evitanto el efecto rebote que pueden provocar algunas dietas de p\u00e9rdida de peso.<\/p>\n<p>L\u00edder incomparable en t\u00e9rminos de pureza y potencia, cada softgel est\u00e1 elaborada de acuerdo a los m\u00e1s altos est\u00e1ndares y con las materias primas de mayor calidad del mercado.<\/p>\n<p>&nbsp;<\/p>\n<p><strong>Ingredientes:<\/strong>\u00a0Aceite de c\u00e1rtamo (80 % CLA) 1300 mg. Perla (gelatina, glicerina y colorante E-172).<\/p>\n<p><strong>Dosis diaria recomendada:<\/strong>\u00a02-4 perlas.<\/p>\n<p><strong>Modo de empleo:<\/strong>\u00a0Tomar 2-4 perlas al d\u00eda, durante un periodo m\u00e1ximo de 3 meses.<\/p>\n<p><strong>Presentaci\u00f3n:<\/strong>\u00a090 perlas. Peso neto: 120,08 g.<\/p>\n<p>Advertencias: Los complementos alimenticios no deben ser utilizados como sustitutos de una dieta variada y equilibrada y un estilo de vida saludable. No exceder la dosis diaria expresamente recomendada. Mantener fuera del alcance de los ni\u00f1os m\u00e1s peque\u00f1os. Conservar bien cerrado en un lugar fresco y seco. Lote \/consumir preferentemente antes del fin de: ver envase.<\/p>\n<p><em>Advertencias: El producto debe guardarse en su envase en lugar fresco y seco. Los complementos alimenticios no deben utilizarse como sustitutos de una dieta equilibrada variada y un modo de vida sano. No superar la dosis diaria expresamente recomendada. Mantener fuera del alcance y de la vista de los ni\u00f1os.<\/em><\/p>\n","protected":false},"featured_media":192,"comment_status":"closed","ping_status":"closed","template":"","meta":[],"product_brand":[],"product_cat":[27,36],"product_tag":[],"class_list":{"0":"post-170","1":"product","2":"type-product","3":"status-publish","4":"has-post-thumbnail","6":"product_cat-capsulas","7":"product_cat-quemadores","9":"first","10":"instock","11":"shipping-taxable","12":"product-type-simple"},"_links":{"self":[{"href":"https:\/\/pandfpharma.es\/en\/wp-json\/wp\/v2\/product\/170","targetHints":{"allow":["GET"]}}],"collection":[{"href":"https:\/\/pandfpharma.es\/en\/wp-json\/wp\/v2\/product"}],"about":[{"href":"https:\/\/pandfpharma.es\/en\/wp-json\/wp\/v2\/types\/product"}],"replies":[{"embeddable":true,"href":"https:\/\/pandfpharma.es\/en\/wp-json\/wp\/v2\/comments?post=170"}],"wp:featuredmedia":[{"embeddable":true,"href":"https:\/\/pandfpharma.es\/en\/wp-json\/wp\/v2\/media\/192"}],"wp:attachment":[{"href":"https:\/\/pandfpharma.es\/en\/wp-json\/wp\/v2\/media?parent=170"}],"wp:term":[{"taxonomy":"product_brand","embeddable":true,"href":"https:\/\/pandfpharma.es\/en\/wp-json\/wp\/v2\/product_brand?post=170"},{"taxonomy":"product_cat","embeddable":true,"href":"https:\/\/pandfpharma.es\/en\/wp-json\/wp\/v2\/product_cat?post=170"},{"taxonomy":"product_tag","embeddable":true,"href":"https:\/\/pandfpharma.es\/en\/wp-json\/wp\/v2\/product_tag?post=170"}],"curies":[{"name":"wp","href":"https:\/\/api.w.org\/{rel}","templated":true}]}}