{"id":171,"date":"2022-06-07T20:00:57","date_gmt":"2022-06-07T20:00:57","guid":{"rendered":"https:\/\/pandfpharma.es\/?post_type=product&#038;p=171"},"modified":"2022-06-21T19:19:47","modified_gmt":"2022-06-21T19:19:47","slug":"amino-9900-325-tablets","status":"publish","type":"product","link":"https:\/\/pandfpharma.es\/en\/producto\/amino-9900-325-tablets\/","title":{"rendered":"AMINO 9900 325 TABLETS"},"content":{"rendered":"","protected":false},"excerpt":{"rendered":"<p>Este producto ofrece una preparaci\u00f3n de prote\u00edna completa, en donde la fuente principal de prote\u00ednas es el hidrolizado enzim\u00e1tico de la m\u00e1s alta calidad de las mejores fuentes (prote\u00edna de suero y prote\u00edna de pollo). Estas combinaciones aseguran la obtenci\u00f3n de un perfil de amino\u00e1cidos que no se encuentran en ning\u00fan otro preparado a base de prote\u00edna hidrolizada.<\/p>\n<p>Amino 9900 va a producir una disminuci\u00f3n del catabolismo, a la vez que un aumento del volumen de masa muscular. Si estamos realizando entrenamientos de fuerza o rutinas de gran intensidad, este producto va a producir una disminuci\u00f3n del catabolismo, a la vez que un aumento del volumen de masa muscular magro.<\/p>\n<p>&nbsp;<\/p>\n<p><strong>Ingredientes:<\/strong>\u00a0Mezcla de Anabolic Amino 9900 (hidrolizado de prote\u00edna de suero de leche, hidrolizado de prote\u00edna de pollo), hidrolizado de prote\u00ednas col\u00e1geno, fosfato c\u00e1lcico \u2013 endurecedor, celulosa microcristalina, di\u00f3xido de silicio \u2013 incrementador de volumen, estearato de magnesio \u2013 antiaglomerante, aroma.<\/p>\n<p><strong>Modo de empleo:<\/strong>\u00a0Dependiendo del peso corporal, tomar de 2 a 5 comprimidos 3 veces al d\u00eda. Los productos se recomiendan para adultos como complemento alimenticio. Mantener fuera del alcance de los ni\u00f1os. No exceda la dosis diaria recomendada. Los complementos alimenticios no deben utilizarse como sustituto de una dieta variada y equilibrada. Se recomienda una dieta variada y equilibrada y un estilo de vida saludable.<\/p>\n<p><em>Advertencias: El producto debe guardarse en su envase en lugar fresco y seco. Los complementos alimenticios no deben utilizarse como sustitutos de una dieta equilibrada variada y un modo de vida sano. No superar la dosis diaria expresamente recomendada. Mantener fuera del alcance y de la vista de los ni\u00f1os.<\/em><\/p>\n","protected":false},"featured_media":193,"comment_status":"closed","ping_status":"closed","template":"","meta":[],"product_brand":[],"product_cat":[24,27],"product_tag":[],"class_list":{"0":"post-171","1":"product","2":"type-product","3":"status-publish","4":"has-post-thumbnail","6":"product_cat-aminoacidos","7":"product_cat-capsulas","9":"first","10":"instock","11":"shipping-taxable","12":"product-type-simple"},"_links":{"self":[{"href":"https:\/\/pandfpharma.es\/en\/wp-json\/wp\/v2\/product\/171","targetHints":{"allow":["GET"]}}],"collection":[{"href":"https:\/\/pandfpharma.es\/en\/wp-json\/wp\/v2\/product"}],"about":[{"href":"https:\/\/pandfpharma.es\/en\/wp-json\/wp\/v2\/types\/product"}],"replies":[{"embeddable":true,"href":"https:\/\/pandfpharma.es\/en\/wp-json\/wp\/v2\/comments?post=171"}],"wp:featuredmedia":[{"embeddable":true,"href":"https:\/\/pandfpharma.es\/en\/wp-json\/wp\/v2\/media\/193"}],"wp:attachment":[{"href":"https:\/\/pandfpharma.es\/en\/wp-json\/wp\/v2\/media?parent=171"}],"wp:term":[{"taxonomy":"product_brand","embeddable":true,"href":"https:\/\/pandfpharma.es\/en\/wp-json\/wp\/v2\/product_brand?post=171"},{"taxonomy":"product_cat","embeddable":true,"href":"https:\/\/pandfpharma.es\/en\/wp-json\/wp\/v2\/product_cat?post=171"},{"taxonomy":"product_tag","embeddable":true,"href":"https:\/\/pandfpharma.es\/en\/wp-json\/wp\/v2\/product_tag?post=171"}],"curies":[{"name":"wp","href":"https:\/\/api.w.org\/{rel}","templated":true}]}}