{"id":172,"date":"2022-06-07T20:00:57","date_gmt":"2022-06-07T20:00:57","guid":{"rendered":"https:\/\/pandfpharma.es\/?post_type=product&#038;p=172"},"modified":"2022-06-07T20:01:32","modified_gmt":"2022-06-07T20:01:32","slug":"lipocut-120-caps","status":"publish","type":"product","link":"https:\/\/pandfpharma.es\/en\/producto\/lipocut-120-caps\/","title":{"rendered":"LIPOCUT 120 CAPS"},"content":{"rendered":"","protected":false},"excerpt":{"rendered":"<p>La ayuda definitiva para la p\u00e9rdida de peso de forma natural. Los diferentes ingredientes de\u00a0<strong>LIPOcut de P&amp;F<\/strong>\u00a0act\u00faan en varios niveles secuenciales activando el metabolismo quemando m\u00e1s grasa y manteniendo unos niveles de az\u00facar en sangre \u00f3ptimos para controlar los niveles de insulina, factor clave en la prevenci\u00f3n de la acumulaci\u00f3n de grasa.<\/p>\n<p>Adem\u00e1s act\u00faa como inhibidor del apetito si se ingiere antes de una comida.<\/p>\n<p>&nbsp;<\/p>\n<p><strong>Modo de empleo:<\/strong>\u00a0Tomar 3 c\u00e1psulas al d\u00eda.<\/p>\n<p>&nbsp;<\/p>\n<p><strong>Cantidad diaria recomendada:<\/strong>\u00a03 c\u00e1psulas al d\u00eda.<\/p>\n<p>&nbsp;<\/p>\n<p><strong>Presentaci\u00f3n:<\/strong>\u00a0Bote de 120caps. Peso neto aprox. 112,56gr.<\/p>\n<p><em>\u00a0Advertencias: Los complementos alimenticios no deben utilizarse como sustitutos de una dieta variada y equilibrada y de un modo de vida sana. No superar la dosis recomendada. Mantener fuera del alcance de los ni\u00f1os.<\/em><\/p>\n<p><em>Advertencias: El producto debe guardarse en su envase en lugar fresco y seco. Los complementos alimenticios no deben utilizarse como sustitutos de una dieta equilibrada variada y un modo de vida sano. No superar la dosis diaria expresamente recomendada. Mantener fuera del alcance y de la vista de los ni\u00f1os.<\/em><\/p>\n","protected":false},"featured_media":194,"comment_status":"closed","ping_status":"closed","template":"","meta":[],"product_brand":[],"product_cat":[37,36],"product_tag":[],"class_list":{"0":"post-172","1":"product","2":"type-product","3":"status-publish","4":"has-post-thumbnail","6":"product_cat-control-de-peso","7":"product_cat-quemadores","9":"first","10":"instock","11":"shipping-taxable","12":"product-type-simple"},"_links":{"self":[{"href":"https:\/\/pandfpharma.es\/en\/wp-json\/wp\/v2\/product\/172","targetHints":{"allow":["GET"]}}],"collection":[{"href":"https:\/\/pandfpharma.es\/en\/wp-json\/wp\/v2\/product"}],"about":[{"href":"https:\/\/pandfpharma.es\/en\/wp-json\/wp\/v2\/types\/product"}],"replies":[{"embeddable":true,"href":"https:\/\/pandfpharma.es\/en\/wp-json\/wp\/v2\/comments?post=172"}],"wp:featuredmedia":[{"embeddable":true,"href":"https:\/\/pandfpharma.es\/en\/wp-json\/wp\/v2\/media\/194"}],"wp:attachment":[{"href":"https:\/\/pandfpharma.es\/en\/wp-json\/wp\/v2\/media?parent=172"}],"wp:term":[{"taxonomy":"product_brand","embeddable":true,"href":"https:\/\/pandfpharma.es\/en\/wp-json\/wp\/v2\/product_brand?post=172"},{"taxonomy":"product_cat","embeddable":true,"href":"https:\/\/pandfpharma.es\/en\/wp-json\/wp\/v2\/product_cat?post=172"},{"taxonomy":"product_tag","embeddable":true,"href":"https:\/\/pandfpharma.es\/en\/wp-json\/wp\/v2\/product_tag?post=172"}],"curies":[{"name":"wp","href":"https:\/\/api.w.org\/{rel}","templated":true}]}}