{"id":173,"date":"2022-06-07T20:00:57","date_gmt":"2022-06-07T20:00:57","guid":{"rendered":"https:\/\/pandfpharma.es\/?post_type=product&#038;p=173"},"modified":"2022-06-07T20:01:34","modified_gmt":"2022-06-07T20:01:34","slug":"whey-protein-5lbs-227-kg","status":"publish","type":"product","link":"https:\/\/pandfpharma.es\/en\/producto\/whey-protein-5lbs-227-kg\/","title":{"rendered":"WHEY PROTEIN 5LBS (2,27 KG)"},"content":{"rendered":"","protected":false},"excerpt":{"rendered":"<p>Prote\u00edna de suero de leche. Un producto con mayor concentraci\u00f3n de prote\u00ednas de la m\u00e1s alta calidad y casi totalmente libre de lactosa, carbohidratos, colesterol y grasas.<\/p>\n<p>Contiene\u00a0<strong>prote\u00edna<\/strong>\u00a0de la mas alta calidad gracias a nuestra formulaci\u00f3n y combinaci\u00f3n de amino\u00e1cidos para alimentar y mantener a tus m\u00fasculos despu\u00e9s de tus entrenamientos favoreciendo as\u00ed el crecimiento de masa muscular.<\/p>\n<p>Proporcionar a tus m\u00fasculos nutrientes de alta calidad es esencial para la funci\u00f3n normal de los m\u00fasculos, crecimiento y mantenimiento muscular.<\/p>\n<p>&nbsp;<\/p>\n<h4><strong>Sabores<\/strong><\/h4>\n<ul>\n<li>Chocolate<\/li>\n<li>Moka<\/li>\n<li>Pi\u00f1a<\/li>\n<li>Vainilla<\/li>\n<\/ul>\n<p><strong>Ingredientes:<\/strong>\u00a0Concentrado de prote\u00edna de lactosuero instant\u00e1neo obtenido mediante ultramicrofiltraci\u00f3n (WPC), aromas, colorante natural curcumina E100, colorante natural rojo remolacha E-162, edulcorante E-955 (sucralosa).<\/p>\n<p><strong>Modo de empleo:<\/strong>\u00a0Tomar 50 g (2 dosificadores aprox.), mezclado en agua (250 ml \u2013 300 ml). Tomar una o dos veces al d\u00eda, una de ellas despu\u00e9s de entrenar.<\/p>\n<p><strong>Cantidad diaria recomendada:<\/strong>\u00a0100gr al d\u00eda (dos dosis).<\/p>\n<p><strong>Presentaci\u00f3n:<\/strong>\u00a0Bote de 5LB. Peso neto aprox. 2.268gr.<\/p>\n<p><em>Advertencia: Los complementos alimenticios no deben utilizarse como sustitutos de una dieta variada y equilibrada y de un modo de vida sana. No superar la dosis diaria recomendada. Mantener fuera del alcance de los ni\u00f1os.<\/em><\/p>\n<p><em>Advertencias: El producto debe guardarse en su envase en lugar fresco y seco. Los complementos alimenticios no deben utilizarse como sustitutos de una dieta equilibrada variada y un modo de vida sano. No superar la dosis diaria expresamente recomendada. Mantener fuera del alcance y de la vista de los ni\u00f1os.<\/em><\/p>\n","protected":false},"featured_media":195,"comment_status":"closed","ping_status":"closed","template":"","meta":[],"product_brand":[],"product_cat":[25,29],"product_tag":[],"class_list":{"0":"post-173","1":"product","2":"type-product","3":"status-publish","4":"has-post-thumbnail","6":"product_cat-ganar-masa","7":"product_cat-proteinas","9":"first","10":"instock","11":"shipping-taxable","12":"product-type-simple"},"_links":{"self":[{"href":"https:\/\/pandfpharma.es\/en\/wp-json\/wp\/v2\/product\/173","targetHints":{"allow":["GET"]}}],"collection":[{"href":"https:\/\/pandfpharma.es\/en\/wp-json\/wp\/v2\/product"}],"about":[{"href":"https:\/\/pandfpharma.es\/en\/wp-json\/wp\/v2\/types\/product"}],"replies":[{"embeddable":true,"href":"https:\/\/pandfpharma.es\/en\/wp-json\/wp\/v2\/comments?post=173"}],"wp:featuredmedia":[{"embeddable":true,"href":"https:\/\/pandfpharma.es\/en\/wp-json\/wp\/v2\/media\/195"}],"wp:attachment":[{"href":"https:\/\/pandfpharma.es\/en\/wp-json\/wp\/v2\/media?parent=173"}],"wp:term":[{"taxonomy":"product_brand","embeddable":true,"href":"https:\/\/pandfpharma.es\/en\/wp-json\/wp\/v2\/product_brand?post=173"},{"taxonomy":"product_cat","embeddable":true,"href":"https:\/\/pandfpharma.es\/en\/wp-json\/wp\/v2\/product_cat?post=173"},{"taxonomy":"product_tag","embeddable":true,"href":"https:\/\/pandfpharma.es\/en\/wp-json\/wp\/v2\/product_tag?post=173"}],"curies":[{"name":"wp","href":"https:\/\/api.w.org\/{rel}","templated":true}]}}