{"id":174,"date":"2022-06-07T20:00:57","date_gmt":"2022-06-07T20:00:57","guid":{"rendered":"https:\/\/pandfpharma.es\/?post_type=product&#038;p=174"},"modified":"2022-06-07T20:01:36","modified_gmt":"2022-06-07T20:01:36","slug":"l-carnitine-125-caps","status":"publish","type":"product","link":"https:\/\/pandfpharma.es\/en\/producto\/l-carnitine-125-caps\/","title":{"rendered":"L-CARNITINE 125 CAPS"},"content":{"rendered":"","protected":false},"excerpt":{"rendered":"<p>La\u00a0<strong>L-carnitina<\/strong>\u00a0es una mol\u00e9cula imprescindible para quemar grasas, fabricada por el organismo a partir del amino\u00e1cido lisina y la vitamina C.<\/p>\n<p>Las mol\u00e9culas de\u00a0<strong>L-carnitina<\/strong>\u00a0tienen como misi\u00f3n ayudar a atravesar a los \u00e1cidos grasos de cadena larga la membrana mitocondrial con el fin de que se convierten en energ\u00eda.<\/p>\n<p>Aumenta significativamente la captaci\u00f3n de ox\u00edgeno y obtenci\u00f3n de energ\u00eda. Suplementos administrados antes del esfuerzo f\u00edsico reducen la formaci\u00f3n de \u00e1cido l\u00e1ctico (agujetas). Adem\u00e1s ayuda contra la fatiga muscular, minimizando las p\u00e9rdidas proteicas durante el ejercicio prolongado.<\/p>\n<p><strong>Ingredientes c\u00e1psula:<\/strong>\u00a0L-Carnitina (patentado por L-Carnipure\u00ae) 500 mg. Emulgente (estearato de magnesio) y envoltura (gelatina).<\/p>\n<p><strong>Modo de empleo:<\/strong>\u00a0Tomar de 1 a 3 c\u00e1psulas preferiblemente por la ma\u00f1ana y media hora antes de entrenar. Cantidad diaria recomendada: 3 c\u00e1psulas por d\u00eda.<\/p>\n<p><strong>Presentaci\u00f3n:<\/strong>\u00a0Bote de 125 caps. Peso neto aprox. 77,5 gr.<\/p>\n<p><em>Advertencias: Los complementos alimenticios no deben utilizarse como sustitutos de una dieta variada y equilibrada y de un modo de vida sana. No superar la dosis diaria recomendada. Mantener fuera del alcance de los ni\u00f1os.<\/em><\/p>\n<p><em>Advertencias: El producto debe guardarse en su envase en lugar fresco y seco. Los complementos alimenticios no deben utilizarse como sustitutos de una dieta equilibrada variada y un modo de vida sano. No superar la dosis diaria expresamente recomendada. Mantener fuera del alcance y de la vista de los ni\u00f1os.<\/em><\/p>\n","protected":false},"featured_media":196,"comment_status":"closed","ping_status":"closed","template":"","meta":[],"product_brand":[],"product_cat":[37,30,36],"product_tag":[],"class_list":{"0":"post-174","1":"product","2":"type-product","3":"status-publish","4":"has-post-thumbnail","6":"product_cat-control-de-peso","7":"product_cat-energia","8":"product_cat-quemadores","10":"first","11":"instock","12":"shipping-taxable","13":"product-type-simple"},"_links":{"self":[{"href":"https:\/\/pandfpharma.es\/en\/wp-json\/wp\/v2\/product\/174","targetHints":{"allow":["GET"]}}],"collection":[{"href":"https:\/\/pandfpharma.es\/en\/wp-json\/wp\/v2\/product"}],"about":[{"href":"https:\/\/pandfpharma.es\/en\/wp-json\/wp\/v2\/types\/product"}],"replies":[{"embeddable":true,"href":"https:\/\/pandfpharma.es\/en\/wp-json\/wp\/v2\/comments?post=174"}],"wp:featuredmedia":[{"embeddable":true,"href":"https:\/\/pandfpharma.es\/en\/wp-json\/wp\/v2\/media\/196"}],"wp:attachment":[{"href":"https:\/\/pandfpharma.es\/en\/wp-json\/wp\/v2\/media?parent=174"}],"wp:term":[{"taxonomy":"product_brand","embeddable":true,"href":"https:\/\/pandfpharma.es\/en\/wp-json\/wp\/v2\/product_brand?post=174"},{"taxonomy":"product_cat","embeddable":true,"href":"https:\/\/pandfpharma.es\/en\/wp-json\/wp\/v2\/product_cat?post=174"},{"taxonomy":"product_tag","embeddable":true,"href":"https:\/\/pandfpharma.es\/en\/wp-json\/wp\/v2\/product_tag?post=174"}],"curies":[{"name":"wp","href":"https:\/\/api.w.org\/{rel}","templated":true}]}}