{"id":175,"date":"2022-06-07T20:00:57","date_gmt":"2022-06-07T20:00:57","guid":{"rendered":"https:\/\/pandfpharma.es\/?post_type=product&#038;p=175"},"modified":"2022-06-07T20:01:38","modified_gmt":"2022-06-07T20:01:38","slug":"creatine-powerfull-300-gr","status":"publish","type":"product","link":"https:\/\/pandfpharma.es\/en\/producto\/creatine-powerfull-300-gr\/","title":{"rendered":"CREATINE POWERFULL 300 GR"},"content":{"rendered":"","protected":false},"excerpt":{"rendered":"<p>La\u00a0<strong>creatina<\/strong>\u00a0monohidrato de PandfPharma ayuda al organismo a producir niveles m\u00e1s elevados de ATP, una sustancia qu\u00edmica necesaria para la contracci\u00f3n eficaz de los m\u00fasculos, generando una mejora de la fuerza, la potencia y la resistencia.<\/p>\n<p>Los estudios y la experiencia en deportistas y atletas, demuestran los beneficios de la creatina referidos en mejorar la fuerza m\u00e1xima, aumentar la masa muscular magra y ayudar a que los m\u00fasculos se recuperen m\u00e1s r\u00e1pidamente durante el ejercicio.<\/p>\n<p>La creatina del cuerpo se encuentra en su mayor\u00eda el m\u00fasculo esquel\u00e9tico.<\/p>\n<p>Ayuda a suministrar energ\u00eda a las c\u00e9lulas, principalmente las musculares.<\/p>\n<p><strong>Creatine Pure Powerfull<\/strong>\u00a0reduce adem\u00e1s el tiempo de recuperaci\u00f3n y de recuperaci\u00f3n entre series de ejercicios.<\/p>\n<p><strong>Ingredientes:<\/strong>\u00a0Creatina.<\/p>\n<p><strong>Modo de empleo:<\/strong> Tomar 3 gramos al d\u00eda, diluido en agua. Para obtener resultados \u00f3ptimos, tomarlo minutos antes de hacer ejercicio.<\/p>\n<p><strong>Cantidad diaria recomendada:<\/strong> 3 g al d\u00eda<\/p>\n<p><strong>Presentaci\u00f3n:<\/strong>\u00a0Envase alimenticio de pl\u00e1stico alimenticio conteniendo 300 g de producto.<\/p>\n<p><em>Advertencias: El producto debe guardarse en su envase en lugar fresco y seco. Los complementos alimenticios no deben utilizarse como sustitutos de una dieta equilibrada variada y un modo de vida sano. No superar la dosis diaria expresamente recomendada. Mantener fuera del alcance y de la vista de los ni\u00f1os.<\/em><\/p>\n","protected":false},"featured_media":197,"comment_status":"closed","ping_status":"closed","template":"","meta":[],"product_brand":[],"product_cat":[35,26],"product_tag":[],"class_list":{"0":"post-175","1":"product","2":"type-product","3":"status-publish","4":"has-post-thumbnail","6":"product_cat-creatina","7":"product_cat-polvo","9":"first","10":"instock","11":"shipping-taxable","12":"product-type-simple"},"_links":{"self":[{"href":"https:\/\/pandfpharma.es\/en\/wp-json\/wp\/v2\/product\/175","targetHints":{"allow":["GET"]}}],"collection":[{"href":"https:\/\/pandfpharma.es\/en\/wp-json\/wp\/v2\/product"}],"about":[{"href":"https:\/\/pandfpharma.es\/en\/wp-json\/wp\/v2\/types\/product"}],"replies":[{"embeddable":true,"href":"https:\/\/pandfpharma.es\/en\/wp-json\/wp\/v2\/comments?post=175"}],"wp:featuredmedia":[{"embeddable":true,"href":"https:\/\/pandfpharma.es\/en\/wp-json\/wp\/v2\/media\/197"}],"wp:attachment":[{"href":"https:\/\/pandfpharma.es\/en\/wp-json\/wp\/v2\/media?parent=175"}],"wp:term":[{"taxonomy":"product_brand","embeddable":true,"href":"https:\/\/pandfpharma.es\/en\/wp-json\/wp\/v2\/product_brand?post=175"},{"taxonomy":"product_cat","embeddable":true,"href":"https:\/\/pandfpharma.es\/en\/wp-json\/wp\/v2\/product_cat?post=175"},{"taxonomy":"product_tag","embeddable":true,"href":"https:\/\/pandfpharma.es\/en\/wp-json\/wp\/v2\/product_tag?post=175"}],"curies":[{"name":"wp","href":"https:\/\/api.w.org\/{rel}","templated":true}]}}