{"id":176,"date":"2022-06-07T20:00:58","date_gmt":"2022-06-07T20:00:58","guid":{"rendered":"https:\/\/pandfpharma.es\/?post_type=product&#038;p=176"},"modified":"2022-06-07T20:01:40","modified_gmt":"2022-06-07T20:01:40","slug":"bcaa-325-tablets","status":"publish","type":"product","link":"https:\/\/pandfpharma.es\/en\/producto\/bcaa-325-tablets\/","title":{"rendered":"BCAA 325 TABLETS"},"content":{"rendered":"","protected":false},"excerpt":{"rendered":"<p>Complejo de amino\u00e1cidos de cadena ramificada con vitamina B6 en tabletas. Una composici\u00f3n de amino\u00e1cidos de cadena ramificada (valina leucina, isoleucina) en proporci\u00f3n de 2: 1: 1 enriquecido con vitamina B6 que contribuye a la reducci\u00f3n del cansancio y la fatiga.<\/p>\n<p>Son amino\u00e1cidos esenciales que a nivel metab\u00f3lico participan en el metabolismo de las prote\u00ednas, en la s\u00edntesis de prote\u00edna muscular y en el proceso de recuperaci\u00f3n muscular.<\/p>\n<p>Los BCAA son necesarios para mantener el tejido magro y los estudios revelan que conservan los niveles de gluc\u00f3geno (una forma de carbohidrato almacenado que se puede convertir en energ\u00eda) en los tejidos.<\/p>\n<p>Los BCAA tambi\u00e9n evitan los desgarramientos del tejido durante los entrenamientos y por lo tanto pueden mejorar nuestro crecimiento muscular.<\/p>\n<p><strong>Descripci\u00f3n:<\/strong>\u00a0Complejo de BCAA con vitamina B6 en comprimidos. Una composici\u00f3n de BCAA (leucina, valina, isoleucina) en Ratio 2:1:1, enriquecida con vitamina B6, lo que contribuye a la reducci\u00f3n del cansancio y la fatiga.<\/p>\n<p><strong>Modo de empleo: <\/strong>Tomar 5 tabletas al d\u00eda, 3 media hora antes del entrenamiento y 2 despu\u00e9s del entrenamiento.<\/p>\n<p><em>Advertencias: El producto debe guardarse en su envase en lugar fresco y seco. Los complementos alimenticios no deben utilizarse como sustitutos de una dieta equilibrada variada y un modo de vida sano. No superar la dosis diaria expresamente recomendada. Mantener fuera del alcance y de la vista de los ni\u00f1os.<\/em><\/p>\n","protected":false},"featured_media":198,"comment_status":"closed","ping_status":"closed","template":"","meta":[],"product_brand":[],"product_cat":[24],"product_tag":[],"class_list":{"0":"post-176","1":"product","2":"type-product","3":"status-publish","4":"has-post-thumbnail","6":"product_cat-aminoacidos","8":"first","9":"instock","10":"shipping-taxable","11":"product-type-simple"},"_links":{"self":[{"href":"https:\/\/pandfpharma.es\/en\/wp-json\/wp\/v2\/product\/176","targetHints":{"allow":["GET"]}}],"collection":[{"href":"https:\/\/pandfpharma.es\/en\/wp-json\/wp\/v2\/product"}],"about":[{"href":"https:\/\/pandfpharma.es\/en\/wp-json\/wp\/v2\/types\/product"}],"replies":[{"embeddable":true,"href":"https:\/\/pandfpharma.es\/en\/wp-json\/wp\/v2\/comments?post=176"}],"wp:featuredmedia":[{"embeddable":true,"href":"https:\/\/pandfpharma.es\/en\/wp-json\/wp\/v2\/media\/198"}],"wp:attachment":[{"href":"https:\/\/pandfpharma.es\/en\/wp-json\/wp\/v2\/media?parent=176"}],"wp:term":[{"taxonomy":"product_brand","embeddable":true,"href":"https:\/\/pandfpharma.es\/en\/wp-json\/wp\/v2\/product_brand?post=176"},{"taxonomy":"product_cat","embeddable":true,"href":"https:\/\/pandfpharma.es\/en\/wp-json\/wp\/v2\/product_cat?post=176"},{"taxonomy":"product_tag","embeddable":true,"href":"https:\/\/pandfpharma.es\/en\/wp-json\/wp\/v2\/product_tag?post=176"}],"curies":[{"name":"wp","href":"https:\/\/api.w.org\/{rel}","templated":true}]}}