{"id":177,"date":"2022-06-07T20:00:58","date_gmt":"2022-06-07T20:00:58","guid":{"rendered":"https:\/\/pandfpharma.es\/?post_type=product&#038;p=177"},"modified":"2022-06-07T20:01:45","modified_gmt":"2022-06-07T20:01:45","slug":"mass-gainer-154-lbs-7kg","status":"publish","type":"product","link":"https:\/\/pandfpharma.es\/en\/producto\/mass-gainer-154-lbs-7kg\/","title":{"rendered":"MASS GAINER 15,4 LBS (7KG)"},"content":{"rendered":"","protected":false},"excerpt":{"rendered":"<p>Complejo rico en calor\u00edas a partir de prote\u00ednas de alta calidad + carbohidratos y enriquecido con minerales y vitaminas. Perfecto para la \u00e9poca de volumen.<\/p>\n<p>Es la soluci\u00f3n definitiva para ganar peso, ganar masa y crear m\u00fasculo. Es un ganador de peso de calidad y econ\u00f3mico de P&amp;F Pharma con altas cantidades de todos los ingredientes necesarios, y con el az\u00facar y la grasa reducidos.<\/p>\n<p>Est\u00e1 formulado de forma exclusiva con la\u00a0<strong>prote\u00edna<\/strong>\u00a0e\u00a0<strong>hidratos de carbono de la m\u00e1s alta calidad<\/strong>\u00a0y enriquecida con\u00a0<strong>Vitaminas<\/strong>\u00a0y\u00a0<strong>Minerales<\/strong>\u00a0para un incremento de la energ\u00eda. El producto definitivo que te dar\u00e1 toda la energ\u00eda antes de entrenar y la mejor recuperaci\u00f3n gracias a sus vitaminas y minerales junto a una ganancia de musculo al llevar prote\u00edna de las alta calidad.<\/p>\n<h4><strong>Sabores<\/strong><\/h4>\n<ul>\n<li>Chocolate<\/li>\n<li>Moka<\/li>\n<li>Pi\u00f1a<\/li>\n<li>Vainilla<\/li>\n<\/ul>\n<p><strong>Ingredientes:<\/strong>\u00a0Dextrosa cristal monohidrato, harina integral de avena, concentrado de prote\u00edna de lactosuero instant\u00e1neo obtenido mediante ultramicrofiltraci\u00f3n, aromas, cacao (sabor chocolate), creatina monohidrato, edulcorante (sucralosa), colorante E-102 (sabor lim\u00f3n), colorante rojo E-124 y colorante natural rojo remolacha E-162 (sabor pi\u00f1a colada, sabor vainilla con galletas, sabor moka-capuccino).<\/p>\n<p><strong>Modo de empleo:<\/strong>\u00a0Se recomienda hacer tres tomas al d\u00eda (2 cacitos aprox. = 120 gr.) preferentemente antes y despu\u00e9s del entrenamiento o \u00fanicamente despu\u00e9s del mismo. Tambi\u00e9n puede utilizarse para complementar alguna comida.<\/p>\n<p><strong>Dosis diaria recomendada:<\/strong>\u00a0360 gr. al d\u00eda. COMPLEMENTO ALIMENTICIO CON EDULCORANTE.<\/p>\n<p><strong>Presentaci\u00f3n:<\/strong>\u00a0Bote de 15,4LB (7000gr). Peso neto aprox. 7000gr.<\/p>\n<p><em>Advertencia: Los complementos alimenticios no deben utilizarse como sustitutos de una dieta variada y equilibrada y de un modo de vida sana. No superar la dosis diaria recomendada. Mantener fuera del alcance de los ni\u00f1os.<\/em><\/p>\n<p><em>Advertencias: El producto debe guardarse en su envase en lugar fresco y seco. Los complementos alimenticios no deben utilizarse como sustitutos de una dieta equilibrada variada y un modo de vida sano. No superar la dosis diaria expresamente recomendada. Mantener fuera del alcance y de la vista de los ni\u00f1os.<\/em><\/p>\n","protected":false},"featured_media":202,"comment_status":"closed","ping_status":"closed","template":"","meta":[],"product_brand":[],"product_cat":[25],"product_tag":[],"class_list":{"0":"post-177","1":"product","2":"type-product","3":"status-publish","4":"has-post-thumbnail","6":"product_cat-ganar-masa","8":"first","9":"instock","10":"shipping-taxable","11":"product-type-simple"},"_links":{"self":[{"href":"https:\/\/pandfpharma.es\/en\/wp-json\/wp\/v2\/product\/177","targetHints":{"allow":["GET"]}}],"collection":[{"href":"https:\/\/pandfpharma.es\/en\/wp-json\/wp\/v2\/product"}],"about":[{"href":"https:\/\/pandfpharma.es\/en\/wp-json\/wp\/v2\/types\/product"}],"replies":[{"embeddable":true,"href":"https:\/\/pandfpharma.es\/en\/wp-json\/wp\/v2\/comments?post=177"}],"wp:featuredmedia":[{"embeddable":true,"href":"https:\/\/pandfpharma.es\/en\/wp-json\/wp\/v2\/media\/202"}],"wp:attachment":[{"href":"https:\/\/pandfpharma.es\/en\/wp-json\/wp\/v2\/media?parent=177"}],"wp:term":[{"taxonomy":"product_brand","embeddable":true,"href":"https:\/\/pandfpharma.es\/en\/wp-json\/wp\/v2\/product_brand?post=177"},{"taxonomy":"product_cat","embeddable":true,"href":"https:\/\/pandfpharma.es\/en\/wp-json\/wp\/v2\/product_cat?post=177"},{"taxonomy":"product_tag","embeddable":true,"href":"https:\/\/pandfpharma.es\/en\/wp-json\/wp\/v2\/product_tag?post=177"}],"curies":[{"name":"wp","href":"https:\/\/api.w.org\/{rel}","templated":true}]}}