{"id":178,"date":"2022-06-07T20:00:58","date_gmt":"2022-06-07T20:00:58","guid":{"rendered":"https:\/\/pandfpharma.es\/?post_type=product&#038;p=178"},"modified":"2022-06-07T20:01:47","modified_gmt":"2022-06-07T20:01:47","slug":"glutamine-500gr","status":"publish","type":"product","link":"https:\/\/pandfpharma.es\/en\/producto\/glutamine-500gr\/","title":{"rendered":"GLUTAMINE 500GR"},"content":{"rendered":"","protected":false},"excerpt":{"rendered":"<p>La Glutamina es un amino\u00e1cido vital que es necesario para todos los tejidos del cuerpo y es el componente b\u00e1sico para formar las prote\u00ednas, mantener las c\u00e9lulas saludables y reparar los tejidos. Su uso ayuda a la recuperaci\u00f3n muscular tras el entrenamiento, aumenta la fuerza, evita el catabolismo. Es el amino\u00e1cido m\u00e1s abundante en el cuerpo humano y es por ende el amino\u00e1cido que juega el papel m\u00e1s importante a la hora de ganar masa muscular.<\/p>\n<p>Nuestra formulaci\u00f3n avanzada combinada con Vitamina B6, contribuye a la regulaci\u00f3n de la actividad hormonal. Cualquiera que sea el objetivo que se tenga presente, ganar m\u00fasculo o quemar grasa, \u00a1el primer paso comienza con el trabajo! Seguidamente viene el turno de la recuperaci\u00f3n, y para garantizar el 100% de los resultados, ambos conceptos est\u00e1n ligados. Tambi\u00e9n se utiliza el suplemento BCAA para aumentar el rendimiento.<\/p>\n<p><strong>P&amp;F PHARMA<\/strong>\u00a0trabaja con una de las mejores marcas del mercado glutamina (Ajinomoto). Con la\u00a0<strong>Glutamina de P&amp;F PHARMA<\/strong>, va a aumentar su capacidad de recuperaci\u00f3n despu\u00e9s de una intensa sesi\u00f3n de ejercicios, adem\u00e1s de fortalecer el sistema inmunol\u00f3gico. BCAA tambi\u00e9n se agrega para aumentar el rendimiento.<\/p>\n<p><strong>Ingredientes:<\/strong>\u00a0 L-glutamina con un 100% de pureza.<\/p>\n<p><strong>Uso recomendado:<\/strong>\u00a0Tomar 4 gramos (1 cacito dosificador) de glutamina dos veces al d\u00eda, 30 minutos despu\u00e9s del entrenamiento y una hora antes de acostarse.<\/p>\n<p><strong>Cantidad diaria recomendada:<\/strong>\u00a08 gr. al d\u00eda (dos dosis).<\/p>\n<p><strong>Presentaci\u00f3n:<\/strong>\u00a0Bote de 500 gr. Peso netro aprox. 500 gr.<\/p>\n<p><em>Advertencias: Los complementos alimenticios no deben utilizarse como sustitutos de una dieta variada y equilibrada y de un modo de vida sana. No superar la dosis diaria recomendada. Mantener fuera del alcance de los ni\u00f1os.<\/em><\/p>\n<p><em>Advertencias: El producto debe guardarse en su envase en lugar fresco y seco. Los complementos alimenticios no deben utilizarse como sustitutos de una dieta equilibrada variada y un modo de vida sano. No superar la dosis diaria expresamente recomendada. Mantener fuera del alcance y de la vista de los ni\u00f1os.<\/em><\/p>\n","protected":false},"featured_media":203,"comment_status":"closed","ping_status":"closed","template":"","meta":[],"product_brand":[],"product_cat":[38,26],"product_tag":[],"class_list":{"0":"post-178","1":"product","2":"type-product","3":"status-publish","4":"has-post-thumbnail","6":"product_cat-glutamina","7":"product_cat-polvo","9":"first","10":"instock","11":"shipping-taxable","12":"product-type-simple"},"_links":{"self":[{"href":"https:\/\/pandfpharma.es\/en\/wp-json\/wp\/v2\/product\/178","targetHints":{"allow":["GET"]}}],"collection":[{"href":"https:\/\/pandfpharma.es\/en\/wp-json\/wp\/v2\/product"}],"about":[{"href":"https:\/\/pandfpharma.es\/en\/wp-json\/wp\/v2\/types\/product"}],"replies":[{"embeddable":true,"href":"https:\/\/pandfpharma.es\/en\/wp-json\/wp\/v2\/comments?post=178"}],"wp:featuredmedia":[{"embeddable":true,"href":"https:\/\/pandfpharma.es\/en\/wp-json\/wp\/v2\/media\/203"}],"wp:attachment":[{"href":"https:\/\/pandfpharma.es\/en\/wp-json\/wp\/v2\/media?parent=178"}],"wp:term":[{"taxonomy":"product_brand","embeddable":true,"href":"https:\/\/pandfpharma.es\/en\/wp-json\/wp\/v2\/product_brand?post=178"},{"taxonomy":"product_cat","embeddable":true,"href":"https:\/\/pandfpharma.es\/en\/wp-json\/wp\/v2\/product_cat?post=178"},{"taxonomy":"product_tag","embeddable":true,"href":"https:\/\/pandfpharma.es\/en\/wp-json\/wp\/v2\/product_tag?post=178"}],"curies":[{"name":"wp","href":"https:\/\/api.w.org\/{rel}","templated":true}]}}